{"id":4819,"date":"2021-01-24T12:27:04","date_gmt":"2021-01-24T11:27:04","guid":{"rendered":"https:\/\/www.felix.tours\/privacy-policy\/"},"modified":"2021-01-24T12:27:04","modified_gmt":"2021-01-24T11:27:04","slug":"privacy-policy","status":"publish","type":"page","link":"https:\/\/www.felix.tours\/pl\/privacy-policy\/","title":{"rendered":"Privacy Policy"},"content":{"rendered":"<h1>Regolamento UE 679\/2016 Regolamento generale sulla protezione dei dati<\/h1>\n<div class=\"container\">\n<div class=\"columns--main columns \">\n<div>\n<p>Con la presente policy SOS TRAVEL SRL intende informare gli utenti visitatori del sito web &#8222;www.felix.tours&#8221; (di seguito il &#8222;Sito&#8221;) della politica adottata in materia di Protezione dei dati personali sottolineando il proprio impegno ed attenzione con riferimento alla tutela della privacy dei visitatori del Sito. La preghiamo di leggere attentamente la nostra Privacy Policy che si applica sia nel caso lei acceda al Sito e decida semplicemente di navigare al suo interno, sia qualora lei intenda utilizzare i nostri servizi.<\/p>\n<p>La navigazione all&#8217;interno del Sito \u00e8 libera e non richiede registrazione alcuna, con eccezione in caso di prenotazione in tal caso \u00e8 richiesto l&#8217;interimento di dati personali e la creazione di un account utente.<\/p>\n<p>Laddove pertanto l\u2019utente intenda fornire i propri dati personali per accedere a tali ulteriori servizi, egli sar\u00e0 espressamente informato ai sensi del Regolamento UE 679\/2016 Regolamento generale sulla protezione dei dati (il \u201cRegolamento\u201d) e gli sar\u00e0 data piena informativa sul trattamento di dati personali.<\/p>\n<p>Ai sensi e per gli effetti dell\u2019art. 13 del Regolamento UE 679\/2016 Regolamento generale sulla protezione dei dati \u00a0SOS Travel Srl le fornisce le seguenti informazioni.<\/p>\n<section class=\"page\">\n<section class=\"page-edit\">\n<div class=\"background\">\n<div class=\"container\">\n<p><strong>Estratto dell&#8217;informativo sul trattamento dei dati<\/strong><\/p>\n<p>Titolare del trattamento dei dati personali \u00e8 SOS TRAVEL S.r.l. Responsabile del Trattamento dei dati \u00e8 Stefano Iannucci nel rispetto dei principi di protezione dei dati personali e che potr\u00e0 contattare alla seguente mail: stefano@sostravel.it. Il personale di SOS TRAVEL S.r.l. \u00e8 incaricato al trattamento<\/p>\n<p>Ai sensi dell&#8217;articolo 13 del Reg.UE 679\/2016, informiamo che SOS TRAVEL S.r.l. tratta dati personali degli interessati che hanno volontariamente comunicato di persona e\/o tramite modulistica, telefono, fax o e-mail i loro dati anagrafici ai nostri uffici.<\/p>\n<p>Secondo la legge indicata, il Titolare del trattamento garantisce che il trattamento dei dati personali si svolga nel rispetto dei diritti e delle libert\u00e0 fondamentali, nonch\u00e9 della dignit\u00e0 dell&#8217;interessato, con particolare riferimento alla riservatezza, all&#8217;identit\u00e0 personale e al diritto alla protezione dei dati personali. Il conferimento di tali dati personali non ha carattere obbligatorio, ma l\u2019eventuale rifiuto a fornirli impedisce, in relazione al rapporto tra il dato ed i servizi richiesti, l\u2019esecuzione delle nostre prestazioni. Inoltre relativamente a specifiche richieste del cliente, il Titolare potrebbe trattare categorie particolari dei Suoi dati personali come ad esempio allergie, per le quali categorie di dati verr\u00e0 richiesto apposito consenso esplicito al trattamento.<\/p>\n<p>I dati personali che i soggetti interessati hanno volontariamente comunicato ai nostri uffici, saranno diffusi nella misura in cui sar\u00e0 necessario per erogare il servizio richiesto.<\/p>\n<p>I dati personali degli interessati, per necessit\u00e0 di erogazione del servizio, potranno essere comunicati, a: 5.1. a tutti i soggetti cui la facolt\u00e0 di accesso \u00e8 riconosciuta in forza di provvedimenti normativi; 5.2. compagnie aeree, strutture alberghiere, servizi di transfer ed escursioni; 5.3. compagnie assicurative; 5.4. ai nostri collaboratori, dipendenti e fornitori, nell&#8217;ambito delle relative mansioni e\/o di eventuali obblighi contrattuali con loro, inerenti i rapporti commerciali con gli interessati; 5.5. agli uffici postali, a spedizionieri e a corrieri per l&#8217;invio eventuale di documentazione e\/o materiale; 5.6. a tutte quei soggetti pubblici e\/o privati, persone fisiche e\/o giuridiche (studi di consulenza legale, amministrativa e fiscale, Uffici Giudiziari, Camere di Commercio, Comune di Roma, ecc.), qualora la comunicazione risulti necessaria o funzionale allo svolgimento della nostra attivit\u00e0 e nei modi e per le finalit\u00e0 sopra illustrate; 5.7. istituti bancari per la gestione d&#8217;incassi e pagamenti derivanti dall&#8217;esecuzione dei contratti. In questi casi saranno comunicati solo i dati essenziali, e non eccedenti, rispetto alle finalit\u00e0 per le quali sono comunicati.<\/p>\n<p>Il Titolare del Trattamento potr\u00e0 trasferire i dati personali in paesi terzi per servizi funzionali al contratto stipulato con il Titolare e in tal caso i fornitori dei servizi saranno selezionati tra coloro che forniscono garanzie adeguate, cos\u00ec come previsto dall\u2019art. 46 GDPR 2016\/679 trattamento riguarda dati personali comuni identificativi ed eventualmente di tipo particolare. Il trattamento dei dati personali avviene utilizzando sia supporti cartacei che informatici con l&#8217;osservanza di ogni misura cautelativa, al fine di garantire la sicurezza e la riservatezza. I dati saranno altres\u00ec gestiti e protetti in ambienti il cui accesso \u00e8 sotto costante controllo in particolare, saranno adottate tutte le misure tecniche, informatiche, organizzative, logistiche e procedurali di sicurezza, in modo che sia garantito il livello idoneo di protezione dei dati previsto dalla legge, consentendo l\u2019accesso alle sole persone incaricate del trattamento da parte del Titolare o dei Responsabili eventualmente dallo stesso designati.<\/p>\n<p><strong>L&#8217;utente potr\u00e0, in qualsiasi momento, esercitare i diritti di seguito indicati.<\/strong><\/p>\n<p>a. Accesso ai dati personali: ottenere la conferma o meno che sia in corso un trattamento di dati che La riguardano e, in tal caso, l\u2019accesso alle seguenti informazioni: le finalit\u00e0, le categorie di dati, i destinatari, il periodo di conservazione;<\/p>\n<p>b. Richiesta di rettifica o cancellazione degli stessi o limitazione dei trattamenti che lo riguardano, nonch\u00e9 l\u2019esistenza di un processo decisionale automatizzato; per \u201climitazione\u201d si intende il contrassegno dei dati conservati con l\u2019obiettivo di limitarne il trattamento in futuro; c. Opposizione al trattamento: opporsi per motivi connessi alla Sua situazione particolare al trattamento di dati per l\u2019esecuzione di un compito di interesse pubblico o per il perseguimento di un legittimo interesse del Titolare; d. Portabilit\u00e0 dei dati: nel caso di trattamento automatizzato svolto sulla base del consenso o in esecuzione di un contratto, di ricevere in un formato strutturato, di uso comune e leggibile da dispositivo automatico, i dati che lo riguardano; in particolare, i dati Le verranno forniti dal Titolare in formato .xml, o analogo; e. Revoca del consenso al trattamento per finalit\u00e0 di marketing diretto e ricerche di mercato; l&#8217;esercizio di tale diritto non pregiudica in alcun modo la liceit\u00e0 dei trattamenti svolti prima della revoca; f. Proporre reclamo ai sensi dell\u2019art. 77 RGPD all\u2019autorit\u00e0 di controllo competente in base alla sua residenza abituale, al luogo di lavoro oppure al luogo di violazione dei suoi diritti; per l\u2019Italia \u00e8 competente il Garante per la protezione dei dati personali, contattabile tramite i dati di contatto riportati sul sito web http:\/\/www.garanteprivacy.it.<\/p>\n<p>I diritti di cui sopra potranno essere esercitati con richiesta al Titolare, ai recapiti riportati nella presente informativa. Il diritto di opposizione dell&#8217;interessato al trattamento dei propri dati personali per finalit\u00e0 di marketing, si estende a quelle tradizionali e comunque resta salva la possibilit\u00e0 per l&#8217;interessato di esercitare tale diritto in parte, ossia, in tal caso, opponendosi, ad esempio, al solo invio di comunicazioni promozionali effettuato tramite strumenti automatizzati.<\/p>\n<p>Le richieste relative all\u2019esercizio dei diritti dell&#8217;utente saranno evase senza ingiustificato ritardo e, in ogni modo, entro un mese dalla domanda; solo in casi di particolare complessit\u00e0 e del numero di richieste tale termine potr\u00e0 essere prorogato di ulteriori 2 (due) mesi.<\/p>\n<\/div>\n<\/div>\n<\/section>\n<\/section>\n<ul class=\"sign\"><\/ul>\n<\/div>\n<\/div>\n<\/div>\n<div class=\"columns--main columns \"><\/div>\n","protected":false},"excerpt":{"rendered":"<p>Regolamento UE 679\/2016 Regolamento generale sulla protezione dei dati Con la presente policy SOS TRAVEL SRL intende informare gli utenti visitatori del sito web &#8222;www.felix.tours&#8221; (di seguito il &#8222;Sito&#8221;) della politica adottata in materia di Protezione dei dati personali sottolineando il proprio impegno ed attenzione con riferimento alla tutela della privacy dei visitatori del Sito. La preghiamo di leggere attentamente la nostra Privacy Policy che si applica sia nel caso lei acceda al Sito e decida semplicemente di navigare al suo interno, sia qualora lei intenda utilizzare i nostri servizi. La navigazione all&#8217;interno del Sito \u00e8 libera e non richiede registrazione alcuna, con eccezione in caso di prenotazione in tal caso \u00e8 richiesto l&#8217;interimento di dati personali e la creazione di un account utente. Laddove pertanto l\u2019utente intenda fornire i propri dati personali per accedere a tali ulteriori servizi, egli sar\u00e0 espressamente informato ai sensi del Regolamento UE 679\/2016 Regolamento generale sulla protezione dei dati (il \u201cRegolamento\u201d) e gli sar\u00e0 data piena informativa sul trattamento di dati personali. Ai sensi e per gli effetti dell\u2019art. 13 del Regolamento UE 679\/2016 Regolamento generale sulla protezione dei dati \u00a0SOS Travel Srl le fornisce le seguenti informazioni. Estratto dell&#8217;informativo sul trattamento dei dati Titolare del trattamento dei dati personali \u00e8 SOS TRAVEL S.r.l. Responsabile del Trattamento dei dati \u00e8 Stefano Iannucci nel rispetto dei principi di protezione dei dati personali e che potr\u00e0 contattare alla seguente mail: stefano@sostravel.it. Il personale di SOS TRAVEL S.r.l. \u00e8 incaricato al trattamento Ai sensi dell&#8217;articolo 13 del Reg.UE 679\/2016, informiamo che SOS TRAVEL S.r.l. tratta dati personali degli interessati che hanno volontariamente comunicato di persona e\/o tramite modulistica, telefono, fax o e-mail i loro dati anagrafici ai nostri uffici. Secondo la legge indicata, il Titolare del trattamento garantisce che il trattamento dei dati personali si svolga nel rispetto dei diritti e delle libert\u00e0 fondamentali, nonch\u00e9 della dignit\u00e0 dell&#8217;interessato, con particolare riferimento alla riservatezza, all&#8217;identit\u00e0 personale e al diritto alla protezione dei dati personali. Il conferimento di tali dati personali non ha carattere obbligatorio, ma l\u2019eventuale rifiuto a fornirli impedisce, in relazione al rapporto tra il dato ed i servizi richiesti, l\u2019esecuzione delle nostre prestazioni. Inoltre relativamente a specifiche richieste del cliente, il Titolare potrebbe trattare categorie particolari dei Suoi dati personali come ad esempio allergie, per le quali categorie di dati verr\u00e0 richiesto apposito consenso esplicito al trattamento. I dati personali che i soggetti interessati hanno volontariamente comunicato ai nostri uffici, saranno diffusi nella misura in cui sar\u00e0 necessario per erogare il servizio richiesto. I dati personali degli interessati, per necessit\u00e0 di erogazione del servizio, potranno essere comunicati, a: 5.1. a tutti i soggetti cui la facolt\u00e0 di accesso \u00e8 riconosciuta in forza di provvedimenti normativi; 5.2. compagnie aeree, strutture alberghiere, servizi di transfer ed escursioni; 5.3. compagnie assicurative; 5.4. ai nostri collaboratori, dipendenti e fornitori, nell&#8217;ambito delle relative mansioni e\/o di eventuali obblighi contrattuali con loro, inerenti i rapporti commerciali con gli interessati; 5.5. agli uffici postali, a spedizionieri e a corrieri per l&#8217;invio eventuale di documentazione e\/o materiale; 5.6. a tutte quei soggetti pubblici e\/o privati, persone fisiche e\/o giuridiche (studi di consulenza legale, amministrativa e fiscale, Uffici Giudiziari, Camere di Commercio, Comune di Roma, ecc.), qualora la comunicazione risulti necessaria o funzionale allo svolgimento della nostra attivit\u00e0 e nei modi e per le finalit\u00e0 sopra illustrate; 5.7. istituti bancari per la gestione d&#8217;incassi e pagamenti derivanti dall&#8217;esecuzione dei contratti. In questi casi saranno comunicati solo i dati essenziali, e non eccedenti, rispetto alle finalit\u00e0 per le quali sono comunicati. Il Titolare del Trattamento potr\u00e0 trasferire i dati personali in paesi terzi per servizi funzionali [&hellip;]<\/p>\n","protected":false},"author":1,"featured_media":0,"parent":0,"menu_order":0,"comment_status":"closed","ping_status":"open","template":"","meta":[],"yoast_head":"<!-- This site is optimized with the Yoast SEO Premium plugin v16.1.1 - https:\/\/yoast.com\/wordpress\/plugins\/seo\/ -->\n<link rel=\"canonical\" href=\"https:\/\/www.felix.tours\/pl\/privacy-policy\/\" \/>\n<meta property=\"og:locale\" content=\"pl_PL\" \/>\n<meta property=\"og:type\" content=\"article\" \/>\n<meta property=\"og:title\" content=\"Privacy Policy - Roma Felix Tours\" \/>\n<meta property=\"og:description\" content=\"Regolamento UE 679\/2016 Regolamento generale sulla protezione dei dati Con la presente policy SOS TRAVEL SRL intende informare gli utenti visitatori del sito web &#8222;www.felix.tours&#8221; (di seguito il &#8222;Sito&#8221;) della politica adottata in materia di Protezione dei dati personali sottolineando il proprio impegno ed attenzione con riferimento alla tutela della privacy dei visitatori del Sito. La preghiamo di leggere attentamente la nostra Privacy Policy che si applica sia nel caso lei acceda al Sito e decida semplicemente di navigare al suo interno, sia qualora lei intenda utilizzare i nostri servizi. La navigazione all&#8217;interno del Sito \u00e8 libera e non richiede registrazione alcuna, con eccezione in caso di prenotazione in tal caso \u00e8 richiesto l&#8217;interimento di dati personali e la creazione di un account utente. Laddove pertanto l\u2019utente intenda fornire i propri dati personali per accedere a tali ulteriori servizi, egli sar\u00e0 espressamente informato ai sensi del Regolamento UE 679\/2016 Regolamento generale sulla protezione dei dati (il \u201cRegolamento\u201d) e gli sar\u00e0 data piena informativa sul trattamento di dati personali. Ai sensi e per gli effetti dell\u2019art. 13 del Regolamento UE 679\/2016 Regolamento generale sulla protezione dei dati \u00a0SOS Travel Srl le fornisce le seguenti informazioni. Estratto dell&#8217;informativo sul trattamento dei dati Titolare del trattamento dei dati personali \u00e8 SOS TRAVEL S.r.l. Responsabile del Trattamento dei dati \u00e8 Stefano Iannucci nel rispetto dei principi di protezione dei dati personali e che potr\u00e0 contattare alla seguente mail: stefano@sostravel.it. Il personale di SOS TRAVEL S.r.l. \u00e8 incaricato al trattamento Ai sensi dell&#8217;articolo 13 del Reg.UE 679\/2016, informiamo che SOS TRAVEL S.r.l. tratta dati personali degli interessati che hanno volontariamente comunicato di persona e\/o tramite modulistica, telefono, fax o e-mail i loro dati anagrafici ai nostri uffici. Secondo la legge indicata, il Titolare del trattamento garantisce che il trattamento dei dati personali si svolga nel rispetto dei diritti e delle libert\u00e0 fondamentali, nonch\u00e9 della dignit\u00e0 dell&#8217;interessato, con particolare riferimento alla riservatezza, all&#8217;identit\u00e0 personale e al diritto alla protezione dei dati personali. Il conferimento di tali dati personali non ha carattere obbligatorio, ma l\u2019eventuale rifiuto a fornirli impedisce, in relazione al rapporto tra il dato ed i servizi richiesti, l\u2019esecuzione delle nostre prestazioni. Inoltre relativamente a specifiche richieste del cliente, il Titolare potrebbe trattare categorie particolari dei Suoi dati personali come ad esempio allergie, per le quali categorie di dati verr\u00e0 richiesto apposito consenso esplicito al trattamento. I dati personali che i soggetti interessati hanno volontariamente comunicato ai nostri uffici, saranno diffusi nella misura in cui sar\u00e0 necessario per erogare il servizio richiesto. I dati personali degli interessati, per necessit\u00e0 di erogazione del servizio, potranno essere comunicati, a: 5.1. a tutti i soggetti cui la facolt\u00e0 di accesso \u00e8 riconosciuta in forza di provvedimenti normativi; 5.2. compagnie aeree, strutture alberghiere, servizi di transfer ed escursioni; 5.3. compagnie assicurative; 5.4. ai nostri collaboratori, dipendenti e fornitori, nell&#8217;ambito delle relative mansioni e\/o di eventuali obblighi contrattuali con loro, inerenti i rapporti commerciali con gli interessati; 5.5. agli uffici postali, a spedizionieri e a corrieri per l&#8217;invio eventuale di documentazione e\/o materiale; 5.6. a tutte quei soggetti pubblici e\/o privati, persone fisiche e\/o giuridiche (studi di consulenza legale, amministrativa e fiscale, Uffici Giudiziari, Camere di Commercio, Comune di Roma, ecc.), qualora la comunicazione risulti necessaria o funzionale allo svolgimento della nostra attivit\u00e0 e nei modi e per le finalit\u00e0 sopra illustrate; 5.7. istituti bancari per la gestione d&#8217;incassi e pagamenti derivanti dall&#8217;esecuzione dei contratti. In questi casi saranno comunicati solo i dati essenziali, e non eccedenti, rispetto alle finalit\u00e0 per le quali sono comunicati. Il Titolare del Trattamento potr\u00e0 trasferire i dati personali in paesi terzi per servizi funzionali [&hellip;]\" \/>\n<meta property=\"og:url\" content=\"https:\/\/www.felix.tours\/pl\/privacy-policy\/\" \/>\n<meta property=\"og:site_name\" content=\"Roma Felix Tours\" \/>\n<meta name=\"twitter:card\" content=\"summary_large_image\" \/>\n<meta name=\"twitter:label1\" content=\"Szacowany czas czytania\">\n\t<meta name=\"twitter:data1\" content=\"6 minut\">\n<script type=\"application\/ld+json\" class=\"yoast-schema-graph\">{\"@context\":\"https:\/\/schema.org\",\"@graph\":[{\"@type\":\"WebSite\",\"@id\":\"https:\/\/www.felix.tours\/#website\",\"url\":\"https:\/\/www.felix.tours\/\",\"name\":\"Roma Felix Tours\",\"description\":\"Tour guidati e partenze garantite Roma e Castelli Romani\",\"potentialAction\":[{\"@type\":\"SearchAction\",\"target\":\"https:\/\/www.felix.tours\/?s={search_term_string}\",\"query-input\":\"required name=search_term_string\"}],\"inLanguage\":\"pl-PL\"},{\"@type\":\"WebPage\",\"@id\":\"https:\/\/www.felix.tours\/pl\/privacy-policy\/#webpage\",\"url\":\"https:\/\/www.felix.tours\/pl\/privacy-policy\/\",\"name\":\"Privacy Policy - Roma Felix Tours\",\"isPartOf\":{\"@id\":\"https:\/\/www.felix.tours\/#website\"},\"datePublished\":\"2021-01-24T11:27:04+00:00\",\"dateModified\":\"2021-01-24T11:27:04+00:00\",\"breadcrumb\":{\"@id\":\"https:\/\/www.felix.tours\/pl\/privacy-policy\/#breadcrumb\"},\"inLanguage\":\"pl-PL\",\"potentialAction\":[{\"@type\":\"ReadAction\",\"target\":[\"https:\/\/www.felix.tours\/pl\/privacy-policy\/\"]}]},{\"@type\":\"BreadcrumbList\",\"@id\":\"https:\/\/www.felix.tours\/pl\/privacy-policy\/#breadcrumb\",\"itemListElement\":[{\"@type\":\"ListItem\",\"position\":1,\"item\":{\"@type\":\"WebPage\",\"@id\":\"https:\/\/www.felix.tours\/pl\/\",\"url\":\"https:\/\/www.felix.tours\/pl\/\",\"name\":\"Home\"}},{\"@type\":\"ListItem\",\"position\":2,\"item\":{\"@type\":\"WebPage\",\"@id\":\"https:\/\/www.felix.tours\/pl\/privacy-policy\/\",\"url\":\"https:\/\/www.felix.tours\/pl\/privacy-policy\/\",\"name\":\"Privacy Policy\"}}]}]}<\/script>\n<!-- \/ Yoast SEO Premium plugin. -->","_links":{"self":[{"href":"https:\/\/www.felix.tours\/pl\/wp-json\/wp\/v2\/pages\/4819"}],"collection":[{"href":"https:\/\/www.felix.tours\/pl\/wp-json\/wp\/v2\/pages"}],"about":[{"href":"https:\/\/www.felix.tours\/pl\/wp-json\/wp\/v2\/types\/page"}],"author":[{"embeddable":true,"href":"https:\/\/www.felix.tours\/pl\/wp-json\/wp\/v2\/users\/1"}],"replies":[{"embeddable":true,"href":"https:\/\/www.felix.tours\/pl\/wp-json\/wp\/v2\/comments?post=4819"}],"version-history":[{"count":0,"href":"https:\/\/www.felix.tours\/pl\/wp-json\/wp\/v2\/pages\/4819\/revisions"}],"wp:attachment":[{"href":"https:\/\/www.felix.tours\/pl\/wp-json\/wp\/v2\/media?parent=4819"}],"curies":[{"name":"wp","href":"https:\/\/api.w.org\/{rel}","templated":true}]}}