{"id":4811,"date":"2021-01-30T15:45:38","date_gmt":"2021-01-30T14:45:38","guid":{"rendered":"https:\/\/www.felix.tours\/ponti-festivita\/"},"modified":"2021-05-06T12:10:44","modified_gmt":"2021-05-06T10:10:44","slug":"dlugi-weekend-swieto","status":"publish","type":"page","link":"https:\/\/www.felix.tours\/pl\/dlugi-weekend-swieto\/","title":{"rendered":"D\u0142ugie weekendy i \u015awi\u0119ta"},"content":{"rendered":"","protected":false},"excerpt":{"rendered":"","protected":false},"author":1,"featured_media":0,"parent":0,"menu_order":0,"comment_status":"closed","ping_status":"closed","template":"page-special-events.php","meta":[],"yoast_head":"<!-- This site is optimized with the Yoast SEO Premium plugin v16.1.1 - https:\/\/yoast.com\/wordpress\/plugins\/seo\/ -->\n<link rel=\"canonical\" href=\"https:\/\/www.felix.tours\/pl\/dlugi-weekend-swieto\/\" \/>\n<meta property=\"og:locale\" content=\"pl_PL\" \/>\n<meta property=\"og:type\" content=\"article\" \/>\n<meta property=\"og:title\" content=\"D\u0142ugie weekendy i \u015awi\u0119ta - Felix Tours\" \/>\n<meta property=\"og:url\" content=\"https:\/\/www.felix.tours\/pl\/dlugi-weekend-swieto\/\" \/>\n<meta property=\"og:site_name\" content=\"Felix Tours\" \/>\n<meta property=\"article:modified_time\" content=\"2021-05-06T10:10:44+00:00\" \/>\n<meta name=\"twitter:card\" content=\"summary_large_image\" \/>\n<script type=\"application\/ld+json\" class=\"yoast-schema-graph\">{\"@context\":\"https:\/\/schema.org\",\"@graph\":[{\"@type\":\"WebSite\",\"@id\":\"https:\/\/www.felix.tours\/#website\",\"url\":\"https:\/\/www.felix.tours\/\",\"name\":\"Felix Tours\",\"description\":\"Felix Tours \\u2013 Italy Tour Specialists\",\"potentialAction\":[{\"@type\":\"SearchAction\",\"target\":\"https:\/\/www.felix.tours\/?s={search_term_string}\",\"query-input\":\"required name=search_term_string\"}],\"inLanguage\":\"pl-PL\"},{\"@type\":\"WebPage\",\"@id\":\"https:\/\/www.felix.tours\/pl\/dlugi-weekend-swieto\/#webpage\",\"url\":\"https:\/\/www.felix.tours\/pl\/dlugi-weekend-swieto\/\",\"name\":\"D\\u0142ugie weekendy i \\u015awi\\u0119ta - Felix Tours\",\"isPartOf\":{\"@id\":\"https:\/\/www.felix.tours\/#website\"},\"datePublished\":\"2021-01-30T14:45:38+00:00\",\"dateModified\":\"2021-05-06T10:10:44+00:00\",\"breadcrumb\":{\"@id\":\"https:\/\/www.felix.tours\/pl\/dlugi-weekend-swieto\/#breadcrumb\"},\"inLanguage\":\"pl-PL\",\"potentialAction\":[{\"@type\":\"ReadAction\",\"target\":[\"https:\/\/www.felix.tours\/pl\/dlugi-weekend-swieto\/\"]}]},{\"@type\":\"BreadcrumbList\",\"@id\":\"https:\/\/www.felix.tours\/pl\/dlugi-weekend-swieto\/#breadcrumb\",\"itemListElement\":[{\"@type\":\"ListItem\",\"position\":1,\"item\":{\"@type\":\"WebPage\",\"@id\":\"https:\/\/www.felix.tours\/pl\/\",\"url\":\"https:\/\/www.felix.tours\/pl\/\",\"name\":\"Home\"}},{\"@type\":\"ListItem\",\"position\":2,\"item\":{\"@type\":\"WebPage\",\"@id\":\"https:\/\/www.felix.tours\/pl\/dlugi-weekend-swieto\/\",\"url\":\"https:\/\/www.felix.tours\/pl\/dlugi-weekend-swieto\/\",\"name\":\"D\\u0142ugie weekendy i \\u015awi\\u0119ta\"}}]}]}<\/script>\n<!-- \/ Yoast SEO Premium plugin. -->","_links":{"self":[{"href":"https:\/\/www.felix.tours\/pl\/wp-json\/wp\/v2\/pages\/4811"}],"collection":[{"href":"https:\/\/www.felix.tours\/pl\/wp-json\/wp\/v2\/pages"}],"about":[{"href":"https:\/\/www.felix.tours\/pl\/wp-json\/wp\/v2\/types\/page"}],"author":[{"embeddable":true,"href":"https:\/\/www.felix.tours\/pl\/wp-json\/wp\/v2\/users\/1"}],"replies":[{"embeddable":true,"href":"https:\/\/www.felix.tours\/pl\/wp-json\/wp\/v2\/comments?post=4811"}],"version-history":[{"count":6,"href":"https:\/\/www.felix.tours\/pl\/wp-json\/wp\/v2\/pages\/4811\/revisions"}],"predecessor-version":[{"id":5047,"href":"https:\/\/www.felix.tours\/pl\/wp-json\/wp\/v2\/pages\/4811\/revisions\/5047"}],"wp:attachment":[{"href":"https:\/\/www.felix.tours\/pl\/wp-json\/wp\/v2\/media?parent=4811"}],"curies":[{"name":"wp","href":"https:\/\/api.w.org\/{rel}","templated":true}]}}