{"id":4770,"date":"2021-02-02T16:25:25","date_gmt":"2021-02-02T15:25:25","guid":{"rendered":"https:\/\/www.felix.tours\/preventivi-gruppi\/"},"modified":"2024-12-05T12:11:19","modified_gmt":"2024-12-05T11:11:19","slug":"oferta-grupy-dmc-wlochy-rzym","status":"publish","type":"page","link":"https:\/\/www.felix.tours\/pl\/oferta-grupy-dmc-wlochy-rzym\/","title":{"rendered":"Oferta dla grup"},"content":{"rendered":"","protected":false},"excerpt":{"rendered":"","protected":false},"author":1,"featured_media":0,"parent":0,"menu_order":0,"comment_status":"closed","ping_status":"closed","template":"page-mice.php","meta":[],"yoast_head":"<!-- This site is optimized with the Yoast SEO Premium plugin v16.1.1 - https:\/\/yoast.com\/wordpress\/plugins\/seo\/ -->\n<meta name=\"description\" content=\"Oferta dla grup zorganizowanych,, Felix Tours, Twoje DMC we W\u0142oszech. Zobacz nasze propozycje wycieczek i popro\u015b o ofert\u0119 online.\" \/>\n<link rel=\"canonical\" href=\"https:\/\/www.felix.tours\/pl\/oferta-grupy-dmc-wlochy-rzym\/\" \/>\n<meta property=\"og:locale\" content=\"pl_PL\" \/>\n<meta property=\"og:type\" content=\"article\" \/>\n<meta property=\"og:title\" content=\"Programy i oferta dla grup zorganizowanych na wyjazdy do W\u0142och.\" \/>\n<meta property=\"og:description\" content=\"Oferta dla grup zorganizowanych,, Felix Tours, Twoje DMC we W\u0142oszech. Zobacz nasze propozycje wycieczek i popro\u015b o ofert\u0119 online.\" \/>\n<meta property=\"og:url\" content=\"https:\/\/www.felix.tours\/pl\/oferta-grupy-dmc-wlochy-rzym\/\" \/>\n<meta property=\"og:site_name\" content=\"Roma Felix Tours\" \/>\n<meta property=\"article:modified_time\" content=\"2024-12-05T11:11:19+00:00\" \/>\n<meta name=\"twitter:card\" content=\"summary_large_image\" \/>\n<script type=\"application\/ld+json\" class=\"yoast-schema-graph\">{\"@context\":\"https:\/\/schema.org\",\"@graph\":[{\"@type\":\"WebSite\",\"@id\":\"https:\/\/www.felix.tours\/#website\",\"url\":\"https:\/\/www.felix.tours\/\",\"name\":\"Roma Felix Tours\",\"description\":\"Tour guidati e partenze garantite Roma e Castelli Romani\",\"potentialAction\":[{\"@type\":\"SearchAction\",\"target\":\"https:\/\/www.felix.tours\/?s={search_term_string}\",\"query-input\":\"required name=search_term_string\"}],\"inLanguage\":\"pl-PL\"},{\"@type\":\"WebPage\",\"@id\":\"https:\/\/www.felix.tours\/pl\/oferta-grupy-dmc-wlochy-rzym\/#webpage\",\"url\":\"https:\/\/www.felix.tours\/pl\/oferta-grupy-dmc-wlochy-rzym\/\",\"name\":\"Programy i oferta dla grup zorganizowanych na wyjazdy do W\\u0142och.\",\"isPartOf\":{\"@id\":\"https:\/\/www.felix.tours\/#website\"},\"datePublished\":\"2021-02-02T15:25:25+00:00\",\"dateModified\":\"2024-12-05T11:11:19+00:00\",\"description\":\"Oferta dla grup zorganizowanych,, Felix Tours, Twoje DMC we W\\u0142oszech. Zobacz nasze propozycje wycieczek i popro\\u015b o ofert\\u0119 online.\",\"breadcrumb\":{\"@id\":\"https:\/\/www.felix.tours\/pl\/oferta-grupy-dmc-wlochy-rzym\/#breadcrumb\"},\"inLanguage\":\"pl-PL\",\"potentialAction\":[{\"@type\":\"ReadAction\",\"target\":[\"https:\/\/www.felix.tours\/pl\/oferta-grupy-dmc-wlochy-rzym\/\"]}]},{\"@type\":\"BreadcrumbList\",\"@id\":\"https:\/\/www.felix.tours\/pl\/oferta-grupy-dmc-wlochy-rzym\/#breadcrumb\",\"itemListElement\":[{\"@type\":\"ListItem\",\"position\":1,\"item\":{\"@type\":\"WebPage\",\"@id\":\"https:\/\/www.felix.tours\/pl\/\",\"url\":\"https:\/\/www.felix.tours\/pl\/\",\"name\":\"Home\"}},{\"@type\":\"ListItem\",\"position\":2,\"item\":{\"@type\":\"WebPage\",\"@id\":\"https:\/\/www.felix.tours\/pl\/oferta-grupy-dmc-wlochy-rzym\/\",\"url\":\"https:\/\/www.felix.tours\/pl\/oferta-grupy-dmc-wlochy-rzym\/\",\"name\":\"Oferta dla grup\"}}]}]}<\/script>\n<!-- \/ Yoast SEO Premium plugin. -->","_links":{"self":[{"href":"https:\/\/www.felix.tours\/pl\/wp-json\/wp\/v2\/pages\/4770"}],"collection":[{"href":"https:\/\/www.felix.tours\/pl\/wp-json\/wp\/v2\/pages"}],"about":[{"href":"https:\/\/www.felix.tours\/pl\/wp-json\/wp\/v2\/types\/page"}],"author":[{"embeddable":true,"href":"https:\/\/www.felix.tours\/pl\/wp-json\/wp\/v2\/users\/1"}],"replies":[{"embeddable":true,"href":"https:\/\/www.felix.tours\/pl\/wp-json\/wp\/v2\/comments?post=4770"}],"version-history":[{"count":33,"href":"https:\/\/www.felix.tours\/pl\/wp-json\/wp\/v2\/pages\/4770\/revisions"}],"predecessor-version":[{"id":23164,"href":"https:\/\/www.felix.tours\/pl\/wp-json\/wp\/v2\/pages\/4770\/revisions\/23164"}],"wp:attachment":[{"href":"https:\/\/www.felix.tours\/pl\/wp-json\/wp\/v2\/media?parent=4770"}],"curies":[{"name":"wp","href":"https:\/\/api.w.org\/{rel}","templated":true}]}}