{"id":4768,"date":"2021-01-27T14:24:20","date_gmt":"2021-01-27T13:24:20","guid":{"rendered":"https:\/\/www.felix.tours\/agenzie\/"},"modified":"2024-02-01T16:15:24","modified_gmt":"2024-02-01T15:15:24","slug":"biura-podrozy","status":"publish","type":"page","link":"https:\/\/www.felix.tours\/pl\/biura-podrozy\/","title":{"rendered":"Dla Biur Podr\u00f3\u017cy"},"content":{"rendered":"","protected":false},"excerpt":{"rendered":"","protected":false},"author":1,"featured_media":0,"parent":0,"menu_order":0,"comment_status":"closed","ping_status":"closed","template":"","meta":[],"yoast_head":"<!-- This site is optimized with the Yoast SEO Premium plugin v16.1.1 - https:\/\/yoast.com\/wordpress\/plugins\/seo\/ -->\n<meta name=\"description\" content=\"Pobierz katalog 2021: wyjazdy gwarantowane, regularne wyjazdy i oferta szyta na miar\u0119 dla grup, W\u0142och , Rzym i region Castelli Romani\" \/>\n<link rel=\"canonical\" href=\"https:\/\/www.felix.tours\/pl\/biura-podrozy\/\" \/>\n<meta property=\"og:locale\" content=\"pl_PL\" \/>\n<meta property=\"og:type\" content=\"article\" \/>\n<meta property=\"og:title\" content=\"Katalog Rzym i W\u0142ochy dla biur podr\u00f3\u017cy. Oferty dla agent\u00f3w.\" \/>\n<meta property=\"og:description\" content=\"Pobierz katalog 2021: wyjazdy gwarantowane, regularne wyjazdy i oferta szyta na miar\u0119 dla grup, W\u0142och , Rzym i region Castelli Romani\" \/>\n<meta property=\"og:url\" content=\"https:\/\/www.felix.tours\/pl\/biura-podrozy\/\" \/>\n<meta property=\"og:site_name\" content=\"Felix Tours\" \/>\n<meta property=\"article:modified_time\" content=\"2024-02-01T15:15:24+00:00\" \/>\n<meta name=\"twitter:card\" content=\"summary_large_image\" \/>\n<script type=\"application\/ld+json\" class=\"yoast-schema-graph\">{\"@context\":\"https:\/\/schema.org\",\"@graph\":[{\"@type\":\"WebSite\",\"@id\":\"https:\/\/www.felix.tours\/#website\",\"url\":\"https:\/\/www.felix.tours\/\",\"name\":\"Felix Tours\",\"description\":\"Felix Tours \\u2013 Italy Tour Specialists\",\"potentialAction\":[{\"@type\":\"SearchAction\",\"target\":\"https:\/\/www.felix.tours\/?s={search_term_string}\",\"query-input\":\"required name=search_term_string\"}],\"inLanguage\":\"pl-PL\"},{\"@type\":\"WebPage\",\"@id\":\"https:\/\/www.felix.tours\/pl\/biura-podrozy\/#webpage\",\"url\":\"https:\/\/www.felix.tours\/pl\/biura-podrozy\/\",\"name\":\"Katalog Rzym i W\\u0142ochy dla biur podr\\u00f3\\u017cy. Oferty dla agent\\u00f3w.\",\"isPartOf\":{\"@id\":\"https:\/\/www.felix.tours\/#website\"},\"datePublished\":\"2021-01-27T13:24:20+00:00\",\"dateModified\":\"2024-02-01T15:15:24+00:00\",\"description\":\"Pobierz katalog 2021: wyjazdy gwarantowane, regularne wyjazdy i oferta szyta na miar\\u0119 dla grup, W\\u0142och , Rzym i region Castelli Romani\",\"breadcrumb\":{\"@id\":\"https:\/\/www.felix.tours\/pl\/biura-podrozy\/#breadcrumb\"},\"inLanguage\":\"pl-PL\",\"potentialAction\":[{\"@type\":\"ReadAction\",\"target\":[\"https:\/\/www.felix.tours\/pl\/biura-podrozy\/\"]}]},{\"@type\":\"BreadcrumbList\",\"@id\":\"https:\/\/www.felix.tours\/pl\/biura-podrozy\/#breadcrumb\",\"itemListElement\":[{\"@type\":\"ListItem\",\"position\":1,\"item\":{\"@type\":\"WebPage\",\"@id\":\"https:\/\/www.felix.tours\/pl\/\",\"url\":\"https:\/\/www.felix.tours\/pl\/\",\"name\":\"Home\"}},{\"@type\":\"ListItem\",\"position\":2,\"item\":{\"@type\":\"WebPage\",\"@id\":\"https:\/\/www.felix.tours\/pl\/biura-podrozy\/\",\"url\":\"https:\/\/www.felix.tours\/pl\/biura-podrozy\/\",\"name\":\"Dla Biur Podr\\u00f3\\u017cy\"}}]}]}<\/script>\n<!-- \/ Yoast SEO Premium plugin. -->","_links":{"self":[{"href":"https:\/\/www.felix.tours\/pl\/wp-json\/wp\/v2\/pages\/4768"}],"collection":[{"href":"https:\/\/www.felix.tours\/pl\/wp-json\/wp\/v2\/pages"}],"about":[{"href":"https:\/\/www.felix.tours\/pl\/wp-json\/wp\/v2\/types\/page"}],"author":[{"embeddable":true,"href":"https:\/\/www.felix.tours\/pl\/wp-json\/wp\/v2\/users\/1"}],"replies":[{"embeddable":true,"href":"https:\/\/www.felix.tours\/pl\/wp-json\/wp\/v2\/comments?post=4768"}],"version-history":[{"count":17,"href":"https:\/\/www.felix.tours\/pl\/wp-json\/wp\/v2\/pages\/4768\/revisions"}],"predecessor-version":[{"id":16463,"href":"https:\/\/www.felix.tours\/pl\/wp-json\/wp\/v2\/pages\/4768\/revisions\/16463"}],"wp:attachment":[{"href":"https:\/\/www.felix.tours\/pl\/wp-json\/wp\/v2\/media?parent=4768"}],"curies":[{"name":"wp","href":"https:\/\/api.w.org\/{rel}","templated":true}]}}