{"id":4766,"date":"2021-01-24T15:57:21","date_gmt":"2021-01-24T14:57:21","guid":{"rendered":"https:\/\/www.felix.tours\/agenzia-congressi-roma\/"},"modified":"2024-05-28T16:13:23","modified_gmt":"2024-05-28T14:13:23","slug":"firmy-eventy-mice-kongresy-rzym-okolice","status":"publish","type":"page","link":"https:\/\/www.felix.tours\/pl\/firmy-eventy-mice-kongresy-rzym-okolice\/","title":{"rendered":"Spotkania, eventy i kongresy w Rzymie i regionie Castelli Romani"},"content":{"rendered":"","protected":false},"excerpt":{"rendered":"","protected":false},"author":1,"featured_media":4767,"parent":0,"menu_order":0,"comment_status":"closed","ping_status":"closed","template":"page-mice.php","meta":[],"yoast_head":"<!-- This site is optimized with the Yoast SEO Premium plugin v16.1.1 - https:\/\/yoast.com\/wordpress\/plugins\/seo\/ -->\n<meta name=\"description\" content=\"Propozycje event\u00f3w firmowych i incentive w Rzymie i regionie Castelli Romani. Z Felix Tour Tw\u00f3j event b\u0119dzie niepowtarzyalny. Oferty online.\" \/>\n<link rel=\"canonical\" href=\"https:\/\/www.felix.tours\/pl\/firmy-eventy-mice-kongresy-rzym-okolice\/\" \/>\n<meta property=\"og:locale\" content=\"pl_PL\" \/>\n<meta property=\"og:type\" content=\"article\" \/>\n<meta property=\"og:title\" content=\"Twoja agencja Mice w Rzymie, organizacja event\u00f3w i konferencji\" \/>\n<meta property=\"og:description\" content=\"Propozycje event\u00f3w firmowych i incentive w Rzymie i regionie Castelli Romani. Z Felix Tour Tw\u00f3j event b\u0119dzie niepowtarzyalny. Oferty online.\" \/>\n<meta property=\"og:url\" content=\"https:\/\/www.felix.tours\/pl\/firmy-eventy-mice-kongresy-rzym-okolice\/\" \/>\n<meta property=\"og:site_name\" content=\"Roma Felix Tours\" \/>\n<meta property=\"article:modified_time\" content=\"2024-05-28T14:13:23+00:00\" \/>\n<meta property=\"og:image\" content=\"https:\/\/www.felix.tours\/wp-content\/uploads\/2021\/01\/mice.jpg\" \/>\n\t<meta property=\"og:image:width\" content=\"600\" \/>\n\t<meta property=\"og:image:height\" content=\"632\" \/>\n<meta name=\"twitter:card\" content=\"summary_large_image\" \/>\n<script type=\"application\/ld+json\" class=\"yoast-schema-graph\">{\"@context\":\"https:\/\/schema.org\",\"@graph\":[{\"@type\":\"WebSite\",\"@id\":\"https:\/\/www.felix.tours\/#website\",\"url\":\"https:\/\/www.felix.tours\/\",\"name\":\"Roma Felix Tours\",\"description\":\"Tour guidati e partenze garantite Roma e Castelli Romani\",\"potentialAction\":[{\"@type\":\"SearchAction\",\"target\":\"https:\/\/www.felix.tours\/?s={search_term_string}\",\"query-input\":\"required name=search_term_string\"}],\"inLanguage\":\"pl-PL\"},{\"@type\":\"ImageObject\",\"@id\":\"https:\/\/www.felix.tours\/pl\/firmy-eventy-mice-kongresy-rzym-okolice\/#primaryimage\",\"inLanguage\":\"pl-PL\",\"url\":\"https:\/\/www.felix.tours\/wp-content\/uploads\/2021\/01\/mice.jpg\",\"contentUrl\":\"https:\/\/www.felix.tours\/wp-content\/uploads\/2021\/01\/mice.jpg\",\"width\":600,\"height\":632},{\"@type\":\"WebPage\",\"@id\":\"https:\/\/www.felix.tours\/pl\/firmy-eventy-mice-kongresy-rzym-okolice\/#webpage\",\"url\":\"https:\/\/www.felix.tours\/pl\/firmy-eventy-mice-kongresy-rzym-okolice\/\",\"name\":\"Twoja agencja Mice w Rzymie, organizacja event\\u00f3w i konferencji\",\"isPartOf\":{\"@id\":\"https:\/\/www.felix.tours\/#website\"},\"primaryImageOfPage\":{\"@id\":\"https:\/\/www.felix.tours\/pl\/firmy-eventy-mice-kongresy-rzym-okolice\/#primaryimage\"},\"datePublished\":\"2021-01-24T14:57:21+00:00\",\"dateModified\":\"2024-05-28T14:13:23+00:00\",\"description\":\"Propozycje event\\u00f3w firmowych i incentive w Rzymie i regionie Castelli Romani. Z Felix Tour Tw\\u00f3j event b\\u0119dzie niepowtarzyalny. Oferty online.\",\"breadcrumb\":{\"@id\":\"https:\/\/www.felix.tours\/pl\/firmy-eventy-mice-kongresy-rzym-okolice\/#breadcrumb\"},\"inLanguage\":\"pl-PL\",\"potentialAction\":[{\"@type\":\"ReadAction\",\"target\":[\"https:\/\/www.felix.tours\/pl\/firmy-eventy-mice-kongresy-rzym-okolice\/\"]}]},{\"@type\":\"BreadcrumbList\",\"@id\":\"https:\/\/www.felix.tours\/pl\/firmy-eventy-mice-kongresy-rzym-okolice\/#breadcrumb\",\"itemListElement\":[{\"@type\":\"ListItem\",\"position\":1,\"item\":{\"@type\":\"WebPage\",\"@id\":\"https:\/\/www.felix.tours\/pl\/\",\"url\":\"https:\/\/www.felix.tours\/pl\/\",\"name\":\"Home\"}},{\"@type\":\"ListItem\",\"position\":2,\"item\":{\"@type\":\"WebPage\",\"@id\":\"https:\/\/www.felix.tours\/pl\/firmy-eventy-mice-kongresy-rzym-okolice\/\",\"url\":\"https:\/\/www.felix.tours\/pl\/firmy-eventy-mice-kongresy-rzym-okolice\/\",\"name\":\"Spotkania, eventy i kongresy w Rzymie i regionie Castelli Romani\"}}]}]}<\/script>\n<!-- \/ Yoast SEO Premium plugin. -->","_links":{"self":[{"href":"https:\/\/www.felix.tours\/pl\/wp-json\/wp\/v2\/pages\/4766"}],"collection":[{"href":"https:\/\/www.felix.tours\/pl\/wp-json\/wp\/v2\/pages"}],"about":[{"href":"https:\/\/www.felix.tours\/pl\/wp-json\/wp\/v2\/types\/page"}],"author":[{"embeddable":true,"href":"https:\/\/www.felix.tours\/pl\/wp-json\/wp\/v2\/users\/1"}],"replies":[{"embeddable":true,"href":"https:\/\/www.felix.tours\/pl\/wp-json\/wp\/v2\/comments?post=4766"}],"version-history":[{"count":15,"href":"https:\/\/www.felix.tours\/pl\/wp-json\/wp\/v2\/pages\/4766\/revisions"}],"predecessor-version":[{"id":18965,"href":"https:\/\/www.felix.tours\/pl\/wp-json\/wp\/v2\/pages\/4766\/revisions\/18965"}],"wp:featuredmedia":[{"embeddable":true,"href":"https:\/\/www.felix.tours\/pl\/wp-json\/wp\/v2\/media\/4767"}],"wp:attachment":[{"href":"https:\/\/www.felix.tours\/pl\/wp-json\/wp\/v2\/media?parent=4766"}],"curies":[{"name":"wp","href":"https:\/\/api.w.org\/{rel}","templated":true}]}}